{"id":9600,"date":"2016-11-23T14:56:21","date_gmt":"2016-11-23T12:56:21","guid":{"rendered":"https:\/\/www.viktoria-preussen.de\/wirsehenuns\/?page_id=9600"},"modified":"2020-11-17T11:29:23","modified_gmt":"2020-11-17T09:29:23","slug":"abmelden-spielbetrieb-mitgliedschaft","status":"publish","type":"page","link":"https:\/\/www.viktoria-preussen.de\/wirsehenuns\/abmelden-spielbetrieb-mitgliedschaft\/","title":{"rendered":"Abmelden Spielbetrieb \/ Mitgliedschaft"},"content":{"rendered":"<p>Du m\u00f6chtest Dich beim <strong>SV Viktoria Preu\u00dfen 07 e.V. Ffm.<\/strong> abmelden und hier nicht mehr spielen oder die \u00dcbungseinheiten besuchen?<\/p>\n<p>Wir finden dies schade, aber bitten nun einige Regeln zu beachten.<\/p>\n<p>Die Mitgliedschaft ist nach unserer Satzung zu jedem Quartalsende mit einer Frist von 6 Wochen k\u00fcndbar.<\/p>\n<p><strong>Hier das Prozedere:<\/strong><\/p>\n<p>Abmeldungen vom SV Viktoria Preu\u00dfen 07 e.V. Ffm. m\u00fcssen <span style=\"color: #ff0000;\">schriftlich<\/span> gegen\u00fcber dem Vorstand durch Einschreiben mit R\u00fcckschein erkl\u00e4rt werden (Keine Mail, Keine Whats App, nicht einfach \u201cDem Trainer bescheid sagen&#8220; etc <span style=\"color: #ff0000;\">( Nur auf dem Postweg !)<\/span> und sind an folgende Adresse zu richten:<\/p>\n<p><strong>An den Verein<\/strong><br \/>\n<strong> SV Viktoria Preu\u00dfen 07 e.V. Ffm.<\/strong><br \/>\n<strong> Gesch\u00e4ftsstelle<\/strong><br \/>\n<strong> Postfach: 50 09 32<\/strong><br \/>\n<strong> 60397 Frankfurt am Main<\/strong><\/p>\n<p>Die Abmeldung muss folgende Daten des abzumeldenden Mitgliedes enthalten:<br \/>\n&#8211; Datum der Abmeldung<br \/>\n&#8211; Vorname und Nachname<br \/>\n&#8211; Kontaktdaten (Postadresse)<br \/>\n&#8211; Geburtsdatum<br \/>\n&#8211; Unterschrift des Mitglieds \/ bei Jugendlichen der Eltern bzw. dem\/der gesetzlichen Vertreter<\/p>\n<p>K\u00fcndigungsbest\u00e4tigungen werden nur auf Verlangen und nur per E-Mail versendet.<\/p>\n<p>&nbsp;<\/p>\n<p><strong><span style=\"color: #ff0000;\">Achtung:<\/span><\/strong><\/p>\n<p>Der Fu\u00dfballverband HFV erwartet bei der Abmeldung der Spielberechtigung neben der Schriftform eine Versendung per Einschreiben mit R\u00fcckschein. Alle anderen Formen \/ Formate der Abmeldung werden vom HFV nicht akzeptiert, und k\u00f6nnen eine monatelange Spielsperre nach sich ziehen!<\/p>\n<p>Die Spielberechtigung erlischt mit der Absendung der K\u00fcndigung.<\/p>\n<p><span style=\"color: #ff0000;\">\u00a0<\/span><\/p>\n<p><strong>Abmeldeformular f\u00fcr die Spielberechtigung beim HFV<\/strong><br \/>\n<a href=\"https:\/\/www.viktoria-preussen.de\/000 SVP Abmeldung.doc\">&gt;&gt;&gt; hier klicken<\/a><\/p>\n<p>&nbsp;<\/p>\n<p>SV Viktoria Preu\u00dfen 07 e.V. Ffm.<br \/>\n\u00d6ffentlichkeitsarbeit<\/p>\n","protected":false},"excerpt":{"rendered":"<p>Du m\u00f6chtest Dich beim SV Viktoria Preu\u00dfen 07 e.V. Ffm. abmelden und hier nicht mehr spielen oder die \u00dcbungseinheiten besuchen? Wir finden dies schade, aber bitten nun einige Regeln zu beachten. Die Mitgliedschaft ist nach unserer Satzung zu jedem Quartalsende mit einer Frist von 6 Wochen k\u00fcndbar. Hier das Prozedere: Abmeldungen vom SV Viktoria Preu\u00dfen [&hellip;]<\/p>\n","protected":false},"author":2,"featured_media":0,"parent":0,"menu_order":0,"comment_status":"closed","ping_status":"closed","template":"","meta":{"footnotes":""},"class_list":["post-9600","page","type-page","status-publish","hentry"],"_links":{"self":[{"href":"https:\/\/www.viktoria-preussen.de\/wirsehenuns\/wp-json\/wp\/v2\/pages\/9600","targetHints":{"allow":["GET"]}}],"collection":[{"href":"https:\/\/www.viktoria-preussen.de\/wirsehenuns\/wp-json\/wp\/v2\/pages"}],"about":[{"href":"https:\/\/www.viktoria-preussen.de\/wirsehenuns\/wp-json\/wp\/v2\/types\/page"}],"author":[{"embeddable":true,"href":"https:\/\/www.viktoria-preussen.de\/wirsehenuns\/wp-json\/wp\/v2\/users\/2"}],"replies":[{"embeddable":true,"href":"https:\/\/www.viktoria-preussen.de\/wirsehenuns\/wp-json\/wp\/v2\/comments?post=9600"}],"version-history":[{"count":15,"href":"https:\/\/www.viktoria-preussen.de\/wirsehenuns\/wp-json\/wp\/v2\/pages\/9600\/revisions"}],"predecessor-version":[{"id":19999,"href":"https:\/\/www.viktoria-preussen.de\/wirsehenuns\/wp-json\/wp\/v2\/pages\/9600\/revisions\/19999"}],"wp:attachment":[{"href":"https:\/\/www.viktoria-preussen.de\/wirsehenuns\/wp-json\/wp\/v2\/media?parent=9600"}],"curies":[{"name":"wp","href":"https:\/\/api.w.org\/{rel}","templated":true}]}}