{"id":6190,"date":"2016-03-18T08:06:55","date_gmt":"2016-03-18T06:06:55","guid":{"rendered":"https:\/\/www.viktoria-preussen.de\/wirsehenuns\/?page_id=6190"},"modified":"2025-07-15T21:34:09","modified_gmt":"2025-07-15T19:34:09","slug":"aeltestenrat","status":"publish","type":"page","link":"https:\/\/www.viktoria-preussen.de\/wirsehenuns\/aeltestenrat\/","title":{"rendered":"\u00c4ltestenrat"},"content":{"rendered":"<p><img loading=\"lazy\" decoding=\"async\" class=\"alignnone  wp-image-23280\" src=\"https:\/\/www.viktoria-preussen.de\/wirsehenuns\/wp-content\/uploads\/2024\/06\/VP-1024x1024-jpg-300x300.jpg\" alt=\"\" width=\"218\" height=\"218\" srcset=\"https:\/\/www.viktoria-preussen.de\/wirsehenuns\/wp-content\/uploads\/2024\/06\/VP-1024x1024-jpg-300x300.jpg 300w, https:\/\/www.viktoria-preussen.de\/wirsehenuns\/wp-content\/uploads\/2024\/06\/VP-1024x1024-jpg-468x468.jpg 468w, https:\/\/www.viktoria-preussen.de\/wirsehenuns\/wp-content\/uploads\/2024\/06\/VP-1024x1024-jpg-120x120.jpg 120w, https:\/\/www.viktoria-preussen.de\/wirsehenuns\/wp-content\/uploads\/2024\/06\/VP-1024x1024-jpg-768x768.jpg 768w, https:\/\/www.viktoria-preussen.de\/wirsehenuns\/wp-content\/uploads\/2024\/06\/VP-1024x1024-jpg.jpg 1024w\" sizes=\"auto, (max-width: 218px) 100vw, 218px\" \/><\/p>\n<p>&nbsp;<\/p>\n<p><strong>Vorsitzender\u00a0<\/strong> <em><strong>Martin R\u00e4mer<\/strong> <\/em><\/p>\n<hr \/>\n<p><strong>stellv. Vorsitzender <em>Michael L\u00f6tzbeier<\/em><\/strong><\/p>\n<hr \/>\n<h3><\/h3>\n<h3>Weitere Mitglieder des \u00c4ltestenrates<\/h3>\n<p><strong><em>Alfred Grohmann<\/em><\/strong><\/p>\n<p><strong><em>Christian Faust \u00a0<\/em><\/strong><\/p>\n<p><em><strong>J\u00fcrgen Pilz<\/strong><\/em><\/p>\n<p><em><strong>Willi Stang<\/strong><\/em><\/p>\n<p><em><strong>Harald Wolf<\/strong><\/em><\/p>\n<p>&nbsp;<\/p>\n<p><strong>Kontakt<\/strong><\/p>\n<p>E-Mail: altestenrat@viktoria-preussen.de<\/p>\n<p>&nbsp;<\/p>\n<h3><strong>Aufgaben des Altestenrates:<\/strong><\/h3>\n<p><a href=\"https:\/\/www.viktoria-preussen.de\/wirsehenuns\/wp-content\/uploads\/2021\/06\/Aufgaben-des-Aeltestenrats.pdf\">Hier klicken&#8230;<\/a><\/p>\n","protected":false},"excerpt":{"rendered":"<p>&nbsp; Vorsitzender\u00a0 Martin R\u00e4mer stellv. Vorsitzender Michael L\u00f6tzbeier Weitere Mitglieder des \u00c4ltestenrates Alfred Grohmann Christian Faust \u00a0 J\u00fcrgen Pilz Willi Stang Harald Wolf &nbsp; Kontakt E-Mail: altestenrat@viktoria-preussen.de &nbsp; Aufgaben des Altestenrates: Hier klicken&#8230;<\/p>\n","protected":false},"author":2,"featured_media":0,"parent":0,"menu_order":0,"comment_status":"closed","ping_status":"closed","template":"","meta":{"footnotes":""},"class_list":["post-6190","page","type-page","status-publish","hentry"],"_links":{"self":[{"href":"https:\/\/www.viktoria-preussen.de\/wirsehenuns\/wp-json\/wp\/v2\/pages\/6190","targetHints":{"allow":["GET"]}}],"collection":[{"href":"https:\/\/www.viktoria-preussen.de\/wirsehenuns\/wp-json\/wp\/v2\/pages"}],"about":[{"href":"https:\/\/www.viktoria-preussen.de\/wirsehenuns\/wp-json\/wp\/v2\/types\/page"}],"author":[{"embeddable":true,"href":"https:\/\/www.viktoria-preussen.de\/wirsehenuns\/wp-json\/wp\/v2\/users\/2"}],"replies":[{"embeddable":true,"href":"https:\/\/www.viktoria-preussen.de\/wirsehenuns\/wp-json\/wp\/v2\/comments?post=6190"}],"version-history":[{"count":32,"href":"https:\/\/www.viktoria-preussen.de\/wirsehenuns\/wp-json\/wp\/v2\/pages\/6190\/revisions"}],"predecessor-version":[{"id":23747,"href":"https:\/\/www.viktoria-preussen.de\/wirsehenuns\/wp-json\/wp\/v2\/pages\/6190\/revisions\/23747"}],"wp:attachment":[{"href":"https:\/\/www.viktoria-preussen.de\/wirsehenuns\/wp-json\/wp\/v2\/media?parent=6190"}],"curies":[{"name":"wp","href":"https:\/\/api.w.org\/{rel}","templated":true}]}}