{"id":479,"date":"2014-07-26T15:56:29","date_gmt":"2014-07-26T13:56:29","guid":{"rendered":"https:\/\/www.viktoria-preussen.de\/wirsehenuns\/?page_id=479"},"modified":"2023-01-23T22:01:33","modified_gmt":"2023-01-23T20:01:33","slug":"impressum","status":"publish","type":"page","link":"https:\/\/www.viktoria-preussen.de\/wirsehenuns\/impressum\/","title":{"rendered":"Impressum"},"content":{"rendered":"<p>SV Viktoria Preu\u00dfen 07 e.V. Ffm<br \/>\n\u00d6ffentlichkeitsarbeit<br \/>\nUwe Hen\u00df<br \/>\nPostfach: 50 09 32<br \/>\n60397 Frankfurt am Main<br \/>\nE-Mail: <a href=\"mailto:uwehenss@viktoria-preussen.de\">uwehenss@viktoria-preussen.de<\/a><\/p>\n<p>&nbsp;<\/p>\n<p>Vertretungsberechtigter Vorstand:<br \/>\nJeweils 2 Vorstandsmitglieder sind<br \/>\nvertretungsberechtigt<br \/>\nUwe Hen\u00df (1. Vorsitzender)<br \/>\nThomas Hahn (2. Vorsitzender)<br \/>\nRegistergericht: Amtsgericht Frankfurt am Main<br \/>\nRegisternummer: VR 4404<\/p>\n<p>Bankverbindung:<\/p>\n<p>SV Viktoria Preu\u00dfen 07 e.V. Ffm.<br \/>\nFrankfurter Sparkasse<br \/>\nIBAN: DE73 5005 0201 0000 3999 22<br \/>\nBIC: HELADEF1822<\/p>\n<p>Bankverbindung f\u00fcr Spenden:<\/p>\n<p>SV Viktoria Preu\u00dfen 07 e.V. Ffm.<br \/>\nFrankfurter Sparkasse<br \/>\nIBAN: DE75 5005 0201 0200 0828 25<br \/>\nBIC: HELADEF1822<\/p>\n<p>Gl\u00e4ubiger-Identifikationsnummer:<br \/>\nDE68ZZZ000002865644<\/p>\n<p>Inhaltlich Verantwortlicher gem\u00e4\u00df \u00a7 6 MDStV:<br \/>\nUwe Hen\u00df (Presse und \u00d6ffentlichkeitsarbeit)<\/p>\n<p><strong>Datenschutz<\/strong><br \/>\n<a href=\"https:\/\/www.viktoria-preussen.de\/dokumente\/Datenschutzhinweise.pdf\" target=\"blank\" rel=\"noopener\">Hier klicken\u2026<\/a><\/p>\n<p><strong>Haftungsausschlu\u00df:<\/strong><br \/>\n<a href=\"https:\/\/www.viktoria-preussen.de\/dokumente\/haftungsausschluss.pdf\" target=\"_blank\" rel=\"noopener\">Hier klicken\u2026<\/a><\/p>\n<p><strong>Pressefreiheit und Pers\u00f6nlichkeitsrecht:<\/strong><br \/>\n<a href=\"https:\/\/www.viktoria-preussen.de\/dokumente\/pressefreiheit.pdf\" target=\"_blank\" rel=\"noopener\">Hier klicken\u2026<\/a><\/p>\n","protected":false},"excerpt":{"rendered":"<p>SV Viktoria Preu\u00dfen 07 e.V. Ffm \u00d6ffentlichkeitsarbeit Uwe Hen\u00df Postfach: 50 09 32 60397 Frankfurt am Main E-Mail: uwehenss@viktoria-preussen.de &nbsp; Vertretungsberechtigter Vorstand: Jeweils 2 Vorstandsmitglieder sind vertretungsberechtigt Uwe Hen\u00df (1. Vorsitzender) Thomas Hahn (2. Vorsitzender) Registergericht: Amtsgericht Frankfurt am Main Registernummer: VR 4404 Bankverbindung: SV Viktoria Preu\u00dfen 07 e.V. Ffm. Frankfurter Sparkasse IBAN: DE73 5005 [&hellip;]<\/p>\n","protected":false},"author":2,"featured_media":0,"parent":0,"menu_order":0,"comment_status":"open","ping_status":"open","template":"","meta":{"footnotes":""},"class_list":["post-479","page","type-page","status-publish","hentry"],"_links":{"self":[{"href":"https:\/\/www.viktoria-preussen.de\/wirsehenuns\/wp-json\/wp\/v2\/pages\/479","targetHints":{"allow":["GET"]}}],"collection":[{"href":"https:\/\/www.viktoria-preussen.de\/wirsehenuns\/wp-json\/wp\/v2\/pages"}],"about":[{"href":"https:\/\/www.viktoria-preussen.de\/wirsehenuns\/wp-json\/wp\/v2\/types\/page"}],"author":[{"embeddable":true,"href":"https:\/\/www.viktoria-preussen.de\/wirsehenuns\/wp-json\/wp\/v2\/users\/2"}],"replies":[{"embeddable":true,"href":"https:\/\/www.viktoria-preussen.de\/wirsehenuns\/wp-json\/wp\/v2\/comments?post=479"}],"version-history":[{"count":16,"href":"https:\/\/www.viktoria-preussen.de\/wirsehenuns\/wp-json\/wp\/v2\/pages\/479\/revisions"}],"predecessor-version":[{"id":22651,"href":"https:\/\/www.viktoria-preussen.de\/wirsehenuns\/wp-json\/wp\/v2\/pages\/479\/revisions\/22651"}],"wp:attachment":[{"href":"https:\/\/www.viktoria-preussen.de\/wirsehenuns\/wp-json\/wp\/v2\/media?parent=479"}],"curies":[{"name":"wp","href":"https:\/\/api.w.org\/{rel}","templated":true}]}}