{"id":24020,"date":"2026-02-03T00:00:47","date_gmt":"2026-02-02T22:00:47","guid":{"rendered":"https:\/\/www.viktoria-preussen.de\/wirsehenuns\/?page_id=24020"},"modified":"2026-02-16T18:18:22","modified_gmt":"2026-02-16T16:18:22","slug":"fan-mitgliedschaft-neu","status":"publish","type":"page","link":"https:\/\/www.viktoria-preussen.de\/wirsehenuns\/fan-mitgliedschaft-neu\/","title":{"rendered":"Fan &#8211; Mitgliedschaft NEU"},"content":{"rendered":"<p><img loading=\"lazy\" decoding=\"async\" class=\"size-medium wp-image-24049 alignleft\" src=\"https:\/\/www.viktoria-preussen.de\/wirsehenuns\/wp-content\/uploads\/2026\/02\/DAF77747-79C1-4A7D-9EC9-617804C830A4-300x300.png\" alt=\"\" width=\"300\" height=\"300\" srcset=\"https:\/\/www.viktoria-preussen.de\/wirsehenuns\/wp-content\/uploads\/2026\/02\/DAF77747-79C1-4A7D-9EC9-617804C830A4-300x300.png 300w, https:\/\/www.viktoria-preussen.de\/wirsehenuns\/wp-content\/uploads\/2026\/02\/DAF77747-79C1-4A7D-9EC9-617804C830A4-468x468.png 468w, https:\/\/www.viktoria-preussen.de\/wirsehenuns\/wp-content\/uploads\/2026\/02\/DAF77747-79C1-4A7D-9EC9-617804C830A4-120x120.png 120w, https:\/\/www.viktoria-preussen.de\/wirsehenuns\/wp-content\/uploads\/2026\/02\/DAF77747-79C1-4A7D-9EC9-617804C830A4-768x768.png 768w, https:\/\/www.viktoria-preussen.de\/wirsehenuns\/wp-content\/uploads\/2026\/02\/DAF77747-79C1-4A7D-9EC9-617804C830A4.png 1024w\" sizes=\"auto, (max-width: 300px) 100vw, 300px\" \/><img loading=\"lazy\" decoding=\"async\" class=\"size-medium wp-image-24021 alignleft\" src=\"https:\/\/www.viktoria-preussen.de\/wirsehenuns\/wp-content\/uploads\/2026\/01\/657EDFDD-72A2-4E70-8D74-74D95AD7BADA-200x300.png\" alt=\"\" width=\"200\" height=\"300\" srcset=\"https:\/\/www.viktoria-preussen.de\/wirsehenuns\/wp-content\/uploads\/2026\/01\/657EDFDD-72A2-4E70-8D74-74D95AD7BADA-200x300.png 200w, https:\/\/www.viktoria-preussen.de\/wirsehenuns\/wp-content\/uploads\/2026\/01\/657EDFDD-72A2-4E70-8D74-74D95AD7BADA-312x468.png 312w, https:\/\/www.viktoria-preussen.de\/wirsehenuns\/wp-content\/uploads\/2026\/01\/657EDFDD-72A2-4E70-8D74-74D95AD7BADA-768x1152.png 768w, https:\/\/www.viktoria-preussen.de\/wirsehenuns\/wp-content\/uploads\/2026\/01\/657EDFDD-72A2-4E70-8D74-74D95AD7BADA.png 1024w\" sizes=\"auto, (max-width: 200px) 100vw, 200px\" \/>Du bist kein Mitglied, aber doch <strong>dem Verein sehr verbunden<\/strong>. Dann ist die <strong>Fan &#8211; Mitgliedschaft\u00a0<\/strong><strong>genau das Richtige!<\/strong> Die Ansprache geht an ehemalige Mitglieder die tolle Zeiten in vergangenen Zeiten mit uns erlebt haben, Partner von Mitgliedern die sich uns verbunden f\u00fchlen, echte Eckenheimer f\u00fcr die wir ein wichtiger Bestandteil des Ortsteils sind oder auch kleine Sponsoren aus unserem n\u00e4chsten Umfeld!<\/p>\n<p>Mit <strong>60\u20ac j\u00e4hrlich<\/strong> seit ihr per Aufnahmeantrag dabei. \u00a0Den Aufnahmeantrag \u00a0erhaltet ihr \u00fcber\u00a0Frank Niederle Email: oeffentlichkeitsarbeit@viktoria-preussen.de oder direkt im Vereinsheim. Sei ein <strong>Teil unserer Commnunity<\/strong> und erhalte Infos \u00fcber Angebote aus unserem Online &#8211; Shop oder seit informiert \u00fcber wichtige Termine.<\/p>\n<p>&nbsp;<\/p>\n<p>&nbsp;<\/p>\n<p>&nbsp;<\/p>\n","protected":false},"excerpt":{"rendered":"<p>Du bist kein Mitglied, aber doch dem Verein sehr verbunden. Dann ist die Fan &#8211; Mitgliedschaft\u00a0genau das Richtige! Die Ansprache geht an ehemalige Mitglieder die tolle Zeiten in vergangenen Zeiten mit uns erlebt haben, Partner von Mitgliedern die sich uns verbunden f\u00fchlen, echte Eckenheimer f\u00fcr die wir ein wichtiger Bestandteil des Ortsteils sind oder auch [&hellip;]<\/p>\n","protected":false},"author":8,"featured_media":0,"parent":0,"menu_order":0,"comment_status":"closed","ping_status":"closed","template":"","meta":{"footnotes":""},"class_list":["post-24020","page","type-page","status-publish","hentry"],"_links":{"self":[{"href":"https:\/\/www.viktoria-preussen.de\/wirsehenuns\/wp-json\/wp\/v2\/pages\/24020","targetHints":{"allow":["GET"]}}],"collection":[{"href":"https:\/\/www.viktoria-preussen.de\/wirsehenuns\/wp-json\/wp\/v2\/pages"}],"about":[{"href":"https:\/\/www.viktoria-preussen.de\/wirsehenuns\/wp-json\/wp\/v2\/types\/page"}],"author":[{"embeddable":true,"href":"https:\/\/www.viktoria-preussen.de\/wirsehenuns\/wp-json\/wp\/v2\/users\/8"}],"replies":[{"embeddable":true,"href":"https:\/\/www.viktoria-preussen.de\/wirsehenuns\/wp-json\/wp\/v2\/comments?post=24020"}],"version-history":[{"count":10,"href":"https:\/\/www.viktoria-preussen.de\/wirsehenuns\/wp-json\/wp\/v2\/pages\/24020\/revisions"}],"predecessor-version":[{"id":24051,"href":"https:\/\/www.viktoria-preussen.de\/wirsehenuns\/wp-json\/wp\/v2\/pages\/24020\/revisions\/24051"}],"wp:attachment":[{"href":"https:\/\/www.viktoria-preussen.de\/wirsehenuns\/wp-json\/wp\/v2\/media?parent=24020"}],"curies":[{"name":"wp","href":"https:\/\/api.w.org\/{rel}","templated":true}]}}