{"id":23,"date":"2014-07-21T22:38:18","date_gmt":"2014-07-21T20:38:18","guid":{"rendered":"https:\/\/www.viktoria-preussen.de\/wirsehenuns\/?page_id=23"},"modified":"2025-09-18T11:50:29","modified_gmt":"2025-09-18T09:50:29","slug":"jugendfussball","status":"publish","type":"page","link":"https:\/\/www.viktoria-preussen.de\/wirsehenuns\/jugendfussball\/","title":{"rendered":"Jugendfu\u00dfball"},"content":{"rendered":"<p><!--more--><\/p>\n<p><img loading=\"lazy\" decoding=\"async\" class=\"alignnone size-large wp-image-13664\" src=\"https:\/\/www.viktoria-preussen.de\/wirsehenuns\/wp-content\/uploads\/2014\/07\/015-Jugendfussball-468x218-468x218.jpg\" alt=\"\" width=\"468\" height=\"218\" srcset=\"https:\/\/www.viktoria-preussen.de\/wirsehenuns\/wp-content\/uploads\/2014\/07\/015-Jugendfussball-468x218.jpg 468w, https:\/\/www.viktoria-preussen.de\/wirsehenuns\/wp-content\/uploads\/2014\/07\/015-Jugendfussball-468x218-300x140.jpg 300w\" sizes=\"auto, (max-width: 468px) 100vw, 468px\" \/><\/p>\n<p>Jugendarbeit spielt beim SV Viktoria Preu\u00dfen eine gro\u00dfe Rolle. Seit Jahren setzen sich qualifizierte Trainer und Betreuer Zeit und Engagement f\u00fcr unsere Jugendliche ein. Sie erhalten Unterst\u00fctzung von Eltern, Gro\u00dfeltern und Freunden.<\/p>\n<p><a href=\"https:\/\/www.volkswagen-frankfurt.de\/\"><img loading=\"lazy\" decoding=\"async\" class=\"alignnone  wp-image-22114\" src=\"https:\/\/www.viktoria-preussen.de\/wirsehenuns\/wp-content\/uploads\/2022\/07\/003-VW-Automobike-Drehbanner-1000x168-1-300x50.jpg\" alt=\"\" width=\"486\" height=\"81\" srcset=\"https:\/\/www.viktoria-preussen.de\/wirsehenuns\/wp-content\/uploads\/2022\/07\/003-VW-Automobike-Drehbanner-1000x168-1-300x50.jpg 300w, https:\/\/www.viktoria-preussen.de\/wirsehenuns\/wp-content\/uploads\/2022\/07\/003-VW-Automobike-Drehbanner-1000x168-1-468x79.jpg 468w, https:\/\/www.viktoria-preussen.de\/wirsehenuns\/wp-content\/uploads\/2022\/07\/003-VW-Automobike-Drehbanner-1000x168-1-768x129.jpg 768w, https:\/\/www.viktoria-preussen.de\/wirsehenuns\/wp-content\/uploads\/2022\/07\/003-VW-Automobike-Drehbanner-1000x168-1.jpg 1000w\" sizes=\"auto, (max-width: 486px) 100vw, 486px\" \/><\/a><\/p>\n<p>\u00dcber 300 Jugendliche unterschiedlichster Nationalit\u00e4ten, verteilt auf 15 Mannschaften, f\u00fchlen sich bei uns sehr wohl und runden das Bild, der von vielen Seiten gelobten Jugendabteilung und der Gesamtdarstellung des Vereins ab. Die einzelnen Altersklassen reichen dabei von den 4-j\u00e4hrigen Bambinis im KIDS GARDEN bis zu den 18-j\u00e4hrigen A-Juniorenspielern. Unsere Aush\u00e4ngeschilder sind zur Zeit die A Jugend sowie unsere B Jugend, die Verbandsliga spielt. Zwei bis drei mal pro Woche trainieren die Mannschaften auf unserer Sportanlage. Im Winter weichen, zumindest die Kleineren, in verschiedene von uns angemieteten Hallen aus. Neben den sportlichen Erfolgen und F\u00f6rderung der einzelnen Spieler, steht bei uns die soziale Komponente in der Gemeinschaft im Vordergrund. Gemeinsame Unternehmungen, wie Teilnahme an Turnieren, Abschlussfahrten, Zeltlager und Feiern, bilden neben der \u201d normalen Punktrunde \u201d die Schwerpunkte der Saison.<\/p>\n<p>Unser j\u00e4hrliches traditionelles Jugendturnier der Germany Cup hat uns durch sein Teilnehmerfeld, auch \u00fcber die Grenzen Frankfurts, in Deutschland und in den letzten Jahren auch wieder International bekannt gemacht. Die Gr\u00f6\u00dfe des Turniers, erfordert nicht nur den Verantwortlichen alles ab. Die Vielzahl der Helfer, Sponsoren und G\u00f6nnern gibt uns die Kraft, auch in den n\u00e4chsten Jahren, dieses Gro\u00dfereignis durchzuf\u00fchren. Viele Freundschaften sind entstanden und die gegenseitigen Einladungen, bringen unseren Spielern wertvolle Erfahrungen im In- und Ausland.<\/p>\n<p>Jugendarbeit erfordert viel Zeit und Engagement jedes Einzelne, ob Trainer, Betreuer oder in verantwortlicher Position. Nur gemeinsam k\u00f6nnen die gesteckten Ziele erreicht werden. Durch den vorbildlichen Einsatz unserer Jugendabteilung, k\u00f6nnen und werden wir auch in Zukunft gute Arbeit leisten.<\/p>\n<p>Kontakt Jugendabteilung: <a href=\"mailto:infojugend@viktoria-preussen.de\">infojugend@viktoria-preussen.de<\/a><\/p>\n<p><img loading=\"lazy\" decoding=\"async\" class=\"alignnone size-large wp-image-18969\" src=\"https:\/\/www.viktoria-preussen.de\/wirsehenuns\/wp-content\/uploads\/2020\/05\/000-Trainingszeiten-SVP-Covid-19-14.05.2020-468x237-468x237.jpg\" alt=\"\" width=\"468\" height=\"237\" srcset=\"https:\/\/www.viktoria-preussen.de\/wirsehenuns\/wp-content\/uploads\/2020\/05\/000-Trainingszeiten-SVP-Covid-19-14.05.2020-468x237.jpg 468w, https:\/\/www.viktoria-preussen.de\/wirsehenuns\/wp-content\/uploads\/2020\/05\/000-Trainingszeiten-SVP-Covid-19-14.05.2020-468x237-300x152.jpg 300w\" sizes=\"auto, (max-width: 468px) 100vw, 468px\" \/><\/p>\n<p>1<\/p>\n<p>SV Viktoria Preu\u00dfen 07 e.V. Ffm.<br \/>\nJugendabteilung &#8211; Fu\u00dfball<\/p>\n<div id=\"sidebar_rechts\">\n<div class=\"sidebartitel\">Jugendfu\u00dfball<\/div>\n<ul>\n<li><a href=\"https:\/\/www.viktoria-preussen.de\/wirsehenuns\/?page_id=23\">Hauptseite<\/a><\/li>\n<li><a href=\"https:\/\/www.viktoria-preussen.de\/wirsehenuns\/?page_id=547\">Ansprechpartner<\/a><\/li>\n<li><a href=\"https:\/\/www.viktoria-preussen.de\/wirsehenuns\/?page_id=14931\">Kinderfu\u00dfballbuch<\/a><\/li>\n<li><a href=\"https:\/\/www.viktoria-preussen.de\/wirsehenuns\/?page_id=4\">A1-Junioren<\/a><\/li>\n<li><a href=\"https:\/\/www.viktoria-preussen.de\/wirsehenuns\/?page_id=20484\">A2-Junioren<\/a><\/li>\n<li><a href=\"https:\/\/www.viktoria-preussen.de\/wirsehenuns\/?page_id=211\">B1-Junioren<\/a><\/li>\n<li><a href=\"https:\/\/www.viktoria-preussen.de\/wirsehenuns\/?page_id=11678\">B2-Junioren<\/a><\/li>\n<li><a href=\"https:\/\/www.viktoria-preussen.de\/wirsehenuns\/?page_id=228\">C1-Junioren<\/a><\/li>\n<li><a href=\"https:\/\/www.viktoria-preussen.de\/wirsehenuns\/?page_id=239\">C2-Junioren<\/a><\/li>\n<li><a href=\"https:\/\/www.viktoria-preussen.de\/wirsehenuns\/?page_id=251\">D1-Junioren<\/a><\/li>\n<li><a href=\"https:\/\/www.viktoria-preussen.de\/wirsehenuns\/?page_id=261\">D2-Junioren<\/a><\/li>\n<li><a href=\"https:\/\/www.viktoria-preussen.de\/wirsehenuns\/?page_id=264\">D3-Junioren<\/a><\/li>\n<li><a href=\"https:\/\/www.viktoria-preussen.de\/wirsehenuns\/?page_id=3624\">D4-Junioren<\/a><\/li>\n<li><a href=\"https:\/\/www.viktoria-preussen.de\/wirsehenuns\/?page_id=329\">E1-Junioren<\/a><\/li>\n<li><a href=\"https:\/\/www.viktoria-preussen.de\/wirsehenuns\/?page_id=331\">E2-Junioren<\/a><\/li>\n<li><a href=\"https:\/\/www.viktoria-preussen.de\/wirsehenuns\/?page_id=333\">E3-Junioren<\/a><\/li>\n<li><a href=\"https:\/\/www.viktoria-preussen.de\/wirsehenuns\/?page_id=337\">E4-Junioren<\/a><\/li>\n<li><\/li>\n<li><a href=\"https:\/\/www.viktoria-preussen.de\/wirsehenuns\/?page_id=20181\">Kinderfu\u00dfball-Funino<\/a><\/li>\n<li><a href=\"https:\/\/www.viktoria-preussen.de\/wirsehenuns\/?page_id=343\">F1-Junioren<\/a><\/li>\n<li><a href=\"https:\/\/www.viktoria-preussen.de\/wirsehenuns\/?page_id=345\">F2-Junioren<\/a><\/li>\n<li><a href=\"https:\/\/www.viktoria-preussen.de\/wirsehenuns\/?page_id=348\">F3-Junioren<\/a><\/li>\n<li><a href=\"https:\/\/www.viktoria-preussen.de\/wirsehenuns\/?page_id=351\">F4-Junioren<\/a><\/li>\n<li><a href=\"https:\/\/www.viktoria-preussen.de\/wirsehenuns\/?page_id=354\">G1-KIDS GARDEN<\/a><\/li>\n<li><a href=\"https:\/\/www.viktoria-preussen.de\/wirsehenuns\/?page_id=358\">G2-KIDS GARDEN<\/a><\/li>\n<li><a href=\"https:\/\/www.viktoria-preussen.de\/wirsehenuns\/?page_id=356\">G3-KIDS GARDEN<\/a><\/li>\n<li><a href=\"https:\/\/www.viktoria-preussen.de\/wirsehenuns\/?page_id=360\">G4-KIDS GARDEN<\/a><\/li>\n<li><a href=\"https:\/\/www.viktoria-preussen.de\/wirsehenuns\/?page_id=11968\">Torwarttrainer<\/a><\/li>\n<li><a href=\"http:\/\/www.fussball.de\/verein\/viktpreussen-ffm-hessen\/-\/id\/00ES8GN9L800005KVV0AG08LVUPGND5I#!\/section\/clubTeams\" target=\"_blank\" rel=\"noopener noreferrer\">Vereinsspielplan<\/a><\/li>\n<\/ul>\n<div style=\"height: 20px;\"><\/div>\n<\/div>\n","protected":false},"excerpt":{"rendered":"","protected":false},"author":2,"featured_media":0,"parent":0,"menu_order":0,"comment_status":"open","ping_status":"open","template":"","meta":{"footnotes":""},"class_list":["post-23","page","type-page","status-publish","hentry"],"_links":{"self":[{"href":"https:\/\/www.viktoria-preussen.de\/wirsehenuns\/wp-json\/wp\/v2\/pages\/23","targetHints":{"allow":["GET"]}}],"collection":[{"href":"https:\/\/www.viktoria-preussen.de\/wirsehenuns\/wp-json\/wp\/v2\/pages"}],"about":[{"href":"https:\/\/www.viktoria-preussen.de\/wirsehenuns\/wp-json\/wp\/v2\/types\/page"}],"author":[{"embeddable":true,"href":"https:\/\/www.viktoria-preussen.de\/wirsehenuns\/wp-json\/wp\/v2\/users\/2"}],"replies":[{"embeddable":true,"href":"https:\/\/www.viktoria-preussen.de\/wirsehenuns\/wp-json\/wp\/v2\/comments?post=23"}],"version-history":[{"count":90,"href":"https:\/\/www.viktoria-preussen.de\/wirsehenuns\/wp-json\/wp\/v2\/pages\/23\/revisions"}],"predecessor-version":[{"id":23824,"href":"https:\/\/www.viktoria-preussen.de\/wirsehenuns\/wp-json\/wp\/v2\/pages\/23\/revisions\/23824"}],"wp:attachment":[{"href":"https:\/\/www.viktoria-preussen.de\/wirsehenuns\/wp-json\/wp\/v2\/media?parent=23"}],"curies":[{"name":"wp","href":"https:\/\/api.w.org\/{rel}","templated":true}]}}