{"id":14931,"date":"2018-03-08T18:38:33","date_gmt":"2018-03-08T16:38:33","guid":{"rendered":"https:\/\/www.viktoria-preussen.de\/wirsehenuns\/?page_id=14931"},"modified":"2018-03-08T19:10:25","modified_gmt":"2018-03-08T17:10:25","slug":"kinderfussballbuch","status":"publish","type":"page","link":"https:\/\/www.viktoria-preussen.de\/wirsehenuns\/kinderfussballbuch\/","title":{"rendered":"Kinderfu\u00dfballbuch"},"content":{"rendered":"<p><img loading=\"lazy\" decoding=\"async\" src=\"https:\/\/www.viktoria-preussen.de\/wirsehenuns\/wp-content\/uploads\/2018\/03\/004-Fussballbuch-468x288.jpg\" alt=\"\" width=\"468\" height=\"288\" class=\"alignnone size-large wp-image-14957\" srcset=\"https:\/\/www.viktoria-preussen.de\/wirsehenuns\/wp-content\/uploads\/2018\/03\/004-Fussballbuch.jpg 468w, https:\/\/www.viktoria-preussen.de\/wirsehenuns\/wp-content\/uploads\/2018\/03\/004-Fussballbuch-300x185.jpg 300w\" sizes=\"auto, (max-width: 468px) 100vw, 468px\" \/><\/p>\n<h2>Spiel und Spa\u00df beim Fu\u00dfball<\/h2>\n<p>&nbsp;<\/p>\n<h3>Das Fu\u00dfballbuch f\u00fcr Kinder<\/h3>\n<p>Wir erhielten eine E-Mail aus Berlin von Hajo Zickermann, Er fertigte speziell f\u00fcr Kinder<br \/>\nein Fu\u00dfballbuch an, dieses Buch gibt es jetzt hier als kostenfreien Download sodass<br \/>\njeder das Buch f\u00fcr Fu\u00dfballbegeisterte Kinder zur Verf\u00fcgung hat. <\/p>\n<p>Das Werk mit Maskottchen Hugo (Foto) richtet sich an Kinder bis neun Jahre, die sich<br \/>\nauf spielerische Weise mit dem Sport besch\u00e4ftigen m\u00f6chten. Es beinhaltet abwechslungsreiche<br \/>\nThemen, Wissensfragen und auch aktive Aufgaben. Viel Spa\u00df beim schm\u00f6kern<\/p>\n<p>von. \u00d6ffentlichkeitsarbeit<\/p>\n<p><strong>Kinderfu\u00dfballbuch<\/strong> &gt;&gt;&gt; <a href=\"https:\/\/www.viktoria-preussen.de\/wirsehenuns\/wp-content\/uploads\/2018\/03\/000 Kinderfussballbuch-A4.pdf\" target=\"_blank\">Hier klicken&#8230;<\/a><\/p>\n<p>&nbsp;<\/p>\n<div id=\"sidebar_rechts\">\n<div class=\"sidebartitel\">Jugendfu\u00dfball<\/div>\n<ul>\n<li><a href=\"https:\/\/www.viktoria-preussen.de\/wirsehenuns\/?page_id=23\">Hauptseite<\/a><\/li>\n<li><a href=\"https:\/\/www.viktoria-preussen.de\/wirsehenuns\/?page_id=547\">Ansprechpartner<\/a><\/li>\n<li><a href=\"https:\/\/www.viktoria-preussen.de\/wirsehenuns\/?page_id=14931\">Kinderfu\u00dfballbuch<\/a><\/li>\n<li><a href=\"https:\/\/www.viktoria-preussen.de\/wirsehenuns\/?page_id=4\">A1-Junioren<\/a><\/li>\n<li><a href=\"https:\/\/www.viktoria-preussen.de\/wirsehenuns\/?page_id=211\">B1-Junioren<\/a><\/li>\n<li><a href=\"https:\/\/www.viktoria-preussen.de\/wirsehenuns\/?page_id=228\">C1-Junioren<\/a><\/li>\n<li><a href=\"https:\/\/www.viktoria-preussen.de\/wirsehenuns\/?page_id=239\">C2-Junioren<\/a><\/li>\n<li><a href=\"https:\/\/www.viktoria-preussen.de\/wirsehenuns\/?page_id=251\">D1-Junioren<\/a><\/li>\n<li><a href=\"https:\/\/www.viktoria-preussen.de\/wirsehenuns\/?page_id=261\">D2-Junioren<\/a><\/li>\n<li><a href=\"https:\/\/www.viktoria-preussen.de\/wirsehenuns\/?page_id=264\">D3-Junioren<\/a><\/li>\n<li><a href=\"https:\/\/www.viktoria-preussen.de\/wirsehenuns\/?page_id=3624\">D4-Junioren<\/a><\/li>\n<li><a href=\"https:\/\/www.viktoria-preussen.de\/wirsehenuns\/?page_id=329\">E1-Junioren<\/a><\/li>\n<li><a href=\"https:\/\/www.viktoria-preussen.de\/wirsehenuns\/?page_id=331\">E2-Junioren<\/a><\/li>\n<li><a href=\"https:\/\/www.viktoria-preussen.de\/wirsehenuns\/?page_id=333\">E3-Junioren<\/a><\/li>\n<li><a href=\"https:\/\/www.viktoria-preussen.de\/wirsehenuns\/?page_id=337\">E4-Junioren<\/a><\/li>\n<li><a href=\"https:\/\/www.viktoria-preussen.de\/wirsehenuns\/?page_id=343\">F1-Junioren<\/a><\/li>\n<li><a href=\"https:\/\/www.viktoria-preussen.de\/wirsehenuns\/?page_id=345\">F2-Junioren<\/a><\/li>\n<li><a href=\"https:\/\/www.viktoria-preussen.de\/wirsehenuns\/?page_id=348\">F3-Junioren<\/a><\/li>\n<li><a href=\"https:\/\/www.viktoria-preussen.de\/wirsehenuns\/?page_id=351\">F4-Junioren<\/a><\/li>\n<li><a href=\"https:\/\/www.viktoria-preussen.de\/wirsehenuns\/?page_id=354\">G1-Junioren<\/a><\/li>\n<li><a href=\"https:\/\/www.viktoria-preussen.de\/wirsehenuns\/?page_id=358\">G2-Junioren<\/a><\/li>\n<li><a href=\"https:\/\/www.viktoria-preussen.de\/wirsehenuns\/?page_id=356\">G3-Junioren<\/a><\/li>\n<li><a href=\"https:\/\/www.viktoria-preussen.de\/wirsehenuns\/?page_id=360\">G4-Junioren<\/a><\/li>\n<li><a href=\"https:\/\/www.viktoria-preussen.de\/wirsehenuns\/?page_id=11968\">Torwarttrainer<\/a><\/li>\n<li><a href=\"http:\/\/community.fussball.de\/de\/verein_ergebnisse\/viktpreussen-ffm\/34024130.html\" target=\"blank\">Vereinsspielplan<\/a><\/li>\n<\/ul>\n<div style=\"height: 20px;\"><\/div>\n<\/div>\n","protected":false},"excerpt":{"rendered":"<p>Spiel und Spa\u00df beim Fu\u00dfball &nbsp; Das Fu\u00dfballbuch f\u00fcr Kinder Wir erhielten eine E-Mail aus Berlin von Hajo Zickermann, Er fertigte speziell f\u00fcr Kinder ein Fu\u00dfballbuch an, dieses Buch gibt es jetzt hier als kostenfreien Download sodass jeder das Buch f\u00fcr Fu\u00dfballbegeisterte Kinder zur Verf\u00fcgung hat. Das Werk mit Maskottchen Hugo (Foto) richtet sich an [&hellip;]<\/p>\n","protected":false},"author":2,"featured_media":0,"parent":0,"menu_order":0,"comment_status":"closed","ping_status":"closed","template":"","meta":{"footnotes":""},"class_list":["post-14931","page","type-page","status-publish","hentry"],"_links":{"self":[{"href":"https:\/\/www.viktoria-preussen.de\/wirsehenuns\/wp-json\/wp\/v2\/pages\/14931","targetHints":{"allow":["GET"]}}],"collection":[{"href":"https:\/\/www.viktoria-preussen.de\/wirsehenuns\/wp-json\/wp\/v2\/pages"}],"about":[{"href":"https:\/\/www.viktoria-preussen.de\/wirsehenuns\/wp-json\/wp\/v2\/types\/page"}],"author":[{"embeddable":true,"href":"https:\/\/www.viktoria-preussen.de\/wirsehenuns\/wp-json\/wp\/v2\/users\/2"}],"replies":[{"embeddable":true,"href":"https:\/\/www.viktoria-preussen.de\/wirsehenuns\/wp-json\/wp\/v2\/comments?post=14931"}],"version-history":[{"count":26,"href":"https:\/\/www.viktoria-preussen.de\/wirsehenuns\/wp-json\/wp\/v2\/pages\/14931\/revisions"}],"predecessor-version":[{"id":14982,"href":"https:\/\/www.viktoria-preussen.de\/wirsehenuns\/wp-json\/wp\/v2\/pages\/14931\/revisions\/14982"}],"wp:attachment":[{"href":"https:\/\/www.viktoria-preussen.de\/wirsehenuns\/wp-json\/wp\/v2\/media?parent=14931"}],"curies":[{"name":"wp","href":"https:\/\/api.w.org\/{rel}","templated":true}]}}