{"id":118,"date":"2014-07-22T23:23:43","date_gmt":"2014-07-22T21:23:43","guid":{"rendered":"https:\/\/www.viktoria-preussen.de\/wirsehenuns\/?page_id=118"},"modified":"2025-07-13T17:20:46","modified_gmt":"2025-07-13T15:20:46","slug":"ueber-unseren-verein","status":"publish","type":"page","link":"https:\/\/www.viktoria-preussen.de\/wirsehenuns\/ueber-unseren-verein\/","title":{"rendered":"\u00dcber unseren Verein"},"content":{"rendered":"<h3>SV Viktoria Preu\u00dfen 07 e.V. Ffm.<\/h3>\n<p>Mit 2 Fu\u00dfball-Seniorenmannschaften und 16 Jugend-Mannschaften, sowie 5 Herrenmannschaften, und 2 Sch\u00fclermannschaften im Tischtennis und nicht zu vergessen unsere gro\u00dfe Turn \u2013 und Gymnastikabteilung mit sehr vielen Sparten, ist der SV Viktoria Preu\u00dfen 07, &#8222;Mehr als ein Verein\u201d.<\/p>\n<p>Im Fu\u00dfball-Seniorenbereich spielt unsere 1. Mannschaft ab Saison 2013\/2014 in der Kreisoberliga Frankfurt und unsere 2. Mannschaft spielt seit 2017 in der Kreisliga A Frankfurt Nordwest.<\/p>\n<p>Jugendarbeit spielt beim SV Viktoria Preu\u00dfen 07 schon immer eine zentrale Rolle. \u00dcber 300 Jugendliche unterschiedlichster Nationalit\u00e4ten, verteilt auf z.Zt. 16 Mannschaften (Bambini bis A-Junioren), f\u00fchlen sich bei uns wohl. Die B &#8211; Junioren konnten in der Spielzeit 2024\/2025 die Meisterschaft erringen mit dem Aufstieg in die Verbandsliga. Unsere Jugendmannschaften sind ein gutes Aush\u00e4ngeschild f\u00fcr den Verein und die Stadt Frankfurt bei nationalen und internationalen Begegnungen.<\/p>\n<hr \/>\n\n<table id=\"tablepress-8\" class=\"tablepress tablepress-id-8\">\n<thead>\n<tr class=\"row-1\">\n\t<th class=\"column-1\"><a href=\"http:\/\/www.viktoria-preussen.de\/dokumente\/festschrift.pdf\"><img loading=\"lazy\" decoding=\"async\" src=\"http:\/\/www.viktoria-preussen.de\/wirsehenuns\/wp-content\/uploads\/2014\/07\/festschrift.jpg\" alt=\"\" width=\"180\" height=\"255\" class=\"alignnone size-full wp-image-121\" \/><\/a><\/th><th class=\"column-2\"><br \/>\nDie Festschrift zum 100j\u00e4hrigen bestehen unseren Vereins im PDF-Format<\/th>\n<\/tr>\n<\/thead>\n<tbody class=\"row-striping row-hover\">\n<\/tbody>\n<\/table>\n<!-- #tablepress-8 from cache -->\n<hr \/>\n<h1><span style=\"color: #008080;\">Tradition bewahren<\/span><\/h1>\n\n<table id=\"tablepress-197\" class=\"tablepress tablepress-id-197\">\n<tbody>\n<tr class=\"row-1\">\n\t<td class=\"column-1\"><a href=\"https:\/\/www.viktoria-preussen.de\/dokumente\/60_Jahre_Festzeitschrift_SVP.pdf\"><img loading=\"lazy\" decoding=\"async\" src=\"https:\/\/www.viktoria-preussen.de\/wirsehenuns\/wp-content\/uploads\/2021\/05\/001-60-Jahre-Festzeitschrifr-SVP-120x171-2.jpg\" alt=\"\" width=\"120\" height=\"171\" class=\"alignnone size-full wp-image-20307\" \/><\/a><p><b>Festschrift zum 60j\u00e4hrigen<\/b><\/td><td class=\"column-2\"><a href=\"https:\/\/www.viktoria-preussen.de\/dokumente\/75_Jahre_Festzeitschrift_SVP.pdf\"><img loading=\"lazy\" decoding=\"async\" src=\"https:\/\/www.viktoria-preussen.de\/wirsehenuns\/wp-content\/uploads\/2021\/05\/002-75-Jahre-Festzeitschrifr-SVP-120x170-1.jpg\" alt=\"\" width=\"120\" height=\"170\" class=\"alignnone size-full wp-image-20310\" \/><\/a><P><b>Festschrift zum 75j\u00e4hrigen<br \/>\nim PDF Format<br \/>\n<\/b><\/td>\n<\/tr>\n<tr class=\"row-2\">\n\t<td class=\"column-1\"><a href=\"https:\/\/www.viktoria-preussen.de\/dokumente\/004 80 Jahre Festzeitschrifr SVP.pdf\"><img loading=\"lazy\" decoding=\"async\" src=\"https:\/\/www.viktoria-preussen.de\/wirsehenuns\/wp-content\/uploads\/2021\/05\/004-80-Jahre-Festzeitschrifr-SVP-120x169-1.jpg\" alt=\"\" width=\"120\" height=\"169\" class=\"alignnone size-full wp-image-20315\" \/><\/a><p><b>Festschrift zum 80j\u00e4hrigen<br \/>\nim PDF Format<\/b><\/td><td class=\"column-2\"><a href=\"https:\/\/www.viktoria-preussen.de\/dokumente\/005 B-Jgd Landesliga Turnier 1988 SVP.pdf\"><img loading=\"lazy\" decoding=\"async\" src=\"https:\/\/www.viktoria-preussen.de\/wirsehenuns\/wp-content\/uploads\/2021\/05\/005-B-Jgd-Landesliga-Turnier-1988-SVP-120x170-1.jpg\" alt=\"\" width=\"120\" height=\"170\" class=\"alignnone size-full wp-image-20318\" \/><\/a><p><b>B-Jgd. Landesliga Turnier 1988 im PDF Format<\/b><\/td>\n<\/tr>\n<tr class=\"row-3\">\n\t<td class=\"column-1\"><a href=\"https:\/\/www.viktoria-preussen.de\/dokumente\/006 Grosses Jugendturnier 1990 SVP.pdf\"><img loading=\"lazy\" decoding=\"async\" src=\"https:\/\/www.viktoria-preussen.de\/wirsehenuns\/wp-content\/uploads\/2021\/05\/006-Grosses-Jugendturnier-1990-SVP-120x167-1.jpg\" alt=\"\" width=\"120\" height=\"167\" class=\"alignnone size-full wp-image-20321\" \/><\/a><p><b>Grosses Jugendturnier <br>Mai 1990 im PDF Format<\/b><\/td><td class=\"column-2\"><a href=\"https:\/\/www.viktoria-preussen.de\/dokumente\/007 Heft Dezember 1993 SVP.pdf\"><img loading=\"lazy\" decoding=\"async\" src=\"https:\/\/www.viktoria-preussen.de\/wirsehenuns\/wp-content\/uploads\/2021\/05\/007-Heft-Dezember-1993-SVP-120x135-2.jpg\" alt=\"\" width=\"120\" height=\"150\" class=\"alignnone size-full wp-image-20325\" \/><\/a><p><b><br>Heft Dezember 1993<br \/>\nim PDF Format<\/b><\/td>\n<\/tr>\n<tr class=\"row-4\">\n\t<td class=\"column-1\"><a href=\"https:\/\/www.viktoria-preussen.de\/dokumente\/008 Heft Oktober 1994 SVP.pdf\"><img loading=\"lazy\" decoding=\"async\" src=\"https:\/\/www.viktoria-preussen.de\/wirsehenuns\/wp-content\/uploads\/2021\/05\/008-Heft-Oktober-1994-SVP-120x150-1.jpg\" alt=\"\" width=\"120\" height=\"150\" class=\"alignnone size-full wp-image-20337\" \/><\/a><p><b>Hedt Oktober 1994 im PDF Format<\/b><\/td><td class=\"column-2\"><br \/>\n<\/td>\n<\/tr>\n<\/tbody>\n<\/table>\n<!-- #tablepress-197 from cache -->\n<hr \/>\n<p>Unsere 1. Herren-Tischtennismannschaft spielt in der Verbandsliga S\u00fcd und ist damit von allen Frankfurter Vereinen in der h\u00f6chsten Spielklasse vertreten. Bei den anderen Herrenmannschaften k\u00f6nnen wir mit Spielst\u00e4rken von der Kreisklasse f\u00fcr Feierabendsportler bis zur leistungsorientierten Bezirksliga fast alles bieten. Stolz sind wir auf unseren Nachwuchs. Mit drei Mannschaften in verschiedenen Altersklassen sind wir hier sehr gut vertreten.<\/p>\n<p>In der Turn \u2013 und Gymnastikabteilung tummeln sich rd. 330 Aktive in den Bereichen: M\u00e4dchenturnen, Damenfitness, Babyturnen, Purzelturnen, Kinderturnen, Basketball und Volleyballgruppen, Tanzen und Jazztanz, Wassergymnastik, um nur einige zu nennen. Eine neue Gruppe: Sport f\u00fcr M\u00fctter mit gleichzeitiger Kinderbetreuung rundet das Bild eines modernen Sportvereins ab.<\/p>\n<p>von: \u00d6ffentlichkeitsarbeit<\/p>\n","protected":false},"excerpt":{"rendered":"<p>SV Viktoria Preu\u00dfen 07 e.V. Ffm. Mit 2 Fu\u00dfball-Seniorenmannschaften und 16 Jugend-Mannschaften, sowie 5 Herrenmannschaften, und 2 Sch\u00fclermannschaften im Tischtennis und nicht zu vergessen unsere gro\u00dfe Turn \u2013 und Gymnastikabteilung mit sehr vielen Sparten, ist der SV Viktoria Preu\u00dfen 07, &#8222;Mehr als ein Verein\u201d. Im Fu\u00dfball-Seniorenbereich spielt unsere 1. Mannschaft ab Saison 2013\/2014 in der [&hellip;]<\/p>\n","protected":false},"author":2,"featured_media":0,"parent":0,"menu_order":0,"comment_status":"closed","ping_status":"closed","template":"","meta":{"footnotes":""},"class_list":["post-118","page","type-page","status-publish","hentry"],"_links":{"self":[{"href":"https:\/\/www.viktoria-preussen.de\/wirsehenuns\/wp-json\/wp\/v2\/pages\/118","targetHints":{"allow":["GET"]}}],"collection":[{"href":"https:\/\/www.viktoria-preussen.de\/wirsehenuns\/wp-json\/wp\/v2\/pages"}],"about":[{"href":"https:\/\/www.viktoria-preussen.de\/wirsehenuns\/wp-json\/wp\/v2\/types\/page"}],"author":[{"embeddable":true,"href":"https:\/\/www.viktoria-preussen.de\/wirsehenuns\/wp-json\/wp\/v2\/users\/2"}],"replies":[{"embeddable":true,"href":"https:\/\/www.viktoria-preussen.de\/wirsehenuns\/wp-json\/wp\/v2\/comments?post=118"}],"version-history":[{"count":25,"href":"https:\/\/www.viktoria-preussen.de\/wirsehenuns\/wp-json\/wp\/v2\/pages\/118\/revisions"}],"predecessor-version":[{"id":23695,"href":"https:\/\/www.viktoria-preussen.de\/wirsehenuns\/wp-json\/wp\/v2\/pages\/118\/revisions\/23695"}],"wp:attachment":[{"href":"https:\/\/www.viktoria-preussen.de\/wirsehenuns\/wp-json\/wp\/v2\/media?parent=118"}],"curies":[{"name":"wp","href":"https:\/\/api.w.org\/{rel}","templated":true}]}}