{"id":116,"date":"2014-07-22T23:21:16","date_gmt":"2014-07-22T21:21:16","guid":{"rendered":"https:\/\/www.viktoria-preussen.de\/wirsehenuns\/?page_id=116"},"modified":"2025-06-29T21:04:37","modified_gmt":"2025-06-29T19:04:37","slug":"tischtennis","status":"publish","type":"page","link":"https:\/\/www.viktoria-preussen.de\/wirsehenuns\/tischtennis\/","title":{"rendered":"Tischtennis"},"content":{"rendered":"<p>Unsere Tischtennis-Abteilung besteht aus f\u00fcnf Herren,- einer Jugend- und einer Sch\u00fclermannschaft. Von der spielerischen Bandbreite k\u00f6nnen wir mit Spielst\u00e4rken von der Kreisklasse f\u00fcr Feierabendsportler \u00fcber die mehr leistungsorientierte Bezirksklasse und Bezirksoberliga bis zur semiprofessionellen Hessenliga fast alles bieten.<\/p>\n<p>Beheimatet sind wir in der Turnhalle der Carlo-Mierendorff-Schule am Gravensteiner-Platz 2 in 60435 Frankfurt am Main.<\/p>\n<p>Alles rund um unsere Tischtennis-Abteilung finden Sie hier: <a href=\"https:\/\/www.preussen-tischtennis.de\/\" target=\"_blank\" rel=\"noopener\">www.preussen-tischtennis.de<\/a><\/p>\n","protected":false},"excerpt":{"rendered":"<p>Unsere Tischtennis-Abteilung besteht aus f\u00fcnf Herren,- einer Jugend- und einer Sch\u00fclermannschaft. Von der spielerischen Bandbreite k\u00f6nnen wir mit Spielst\u00e4rken von der Kreisklasse f\u00fcr Feierabendsportler \u00fcber die mehr leistungsorientierte Bezirksklasse und Bezirksoberliga bis zur semiprofessionellen Hessenliga fast alles bieten. Beheimatet sind wir in der Turnhalle der Carlo-Mierendorff-Schule am Gravensteiner-Platz 2 in 60435 Frankfurt am Main. Alles [&hellip;]<\/p>\n","protected":false},"author":2,"featured_media":0,"parent":0,"menu_order":0,"comment_status":"closed","ping_status":"closed","template":"","meta":{"footnotes":""},"class_list":["post-116","page","type-page","status-publish","hentry"],"_links":{"self":[{"href":"https:\/\/www.viktoria-preussen.de\/wirsehenuns\/wp-json\/wp\/v2\/pages\/116","targetHints":{"allow":["GET"]}}],"collection":[{"href":"https:\/\/www.viktoria-preussen.de\/wirsehenuns\/wp-json\/wp\/v2\/pages"}],"about":[{"href":"https:\/\/www.viktoria-preussen.de\/wirsehenuns\/wp-json\/wp\/v2\/types\/page"}],"author":[{"embeddable":true,"href":"https:\/\/www.viktoria-preussen.de\/wirsehenuns\/wp-json\/wp\/v2\/users\/2"}],"replies":[{"embeddable":true,"href":"https:\/\/www.viktoria-preussen.de\/wirsehenuns\/wp-json\/wp\/v2\/comments?post=116"}],"version-history":[{"count":8,"href":"https:\/\/www.viktoria-preussen.de\/wirsehenuns\/wp-json\/wp\/v2\/pages\/116\/revisions"}],"predecessor-version":[{"id":23619,"href":"https:\/\/www.viktoria-preussen.de\/wirsehenuns\/wp-json\/wp\/v2\/pages\/116\/revisions\/23619"}],"wp:attachment":[{"href":"https:\/\/www.viktoria-preussen.de\/wirsehenuns\/wp-json\/wp\/v2\/media?parent=116"}],"curies":[{"name":"wp","href":"https:\/\/api.w.org\/{rel}","templated":true}]}}