{"id":70,"date":"2014-02-23T12:19:40","date_gmt":"2014-02-23T10:19:40","guid":{"rendered":"https:\/\/www.viktoria-preussen.de\/turnen\/?page_id=70"},"modified":"2014-04-08T23:08:15","modified_gmt":"2014-04-08T21:08:15","slug":"gymnastik-und-spiele-vorwiegend-paare","status":"publish","type":"page","link":"https:\/\/www.viktoria-preussen.de\/turnen\/?page_id=70","title":{"rendered":"Gymnastik und Spiele (vorwiegend Paare)"},"content":{"rendered":"<p><strong>Dienstag 20:30 \u2013 22:00 Uhr<\/strong><br \/>\n<strong>mit Dorothea<\/strong><br \/>\n<strong>Liesel \u00d6sterreicher Schule<\/strong><\/p>\n<p><a href=\"https:\/\/www.viktoria-preussen.de\/turnen\/wp-content\/uploads\/2014\/02\/gymnastik.jpg\"><img loading=\"lazy\" decoding=\"async\" class=\"alignnone size-full wp-image-113\" alt=\"gymnastik\" src=\"https:\/\/www.viktoria-preussen.de\/turnen\/wp-content\/uploads\/2014\/02\/gymnastik.jpg\" width=\"467\" height=\"302\" srcset=\"https:\/\/www.viktoria-preussen.de\/turnen\/wp-content\/uploads\/2014\/02\/gymnastik.jpg 467w, https:\/\/www.viktoria-preussen.de\/turnen\/wp-content\/uploads\/2014\/02\/gymnastik-300x194.jpg 300w\" sizes=\"auto, (max-width: 467px) 100vw, 467px\" \/><\/a><\/p>\n<p>1980 wurde die Gruppe von Dorothea Matern-Stinne\u00dfen \u00fcbernommen.<\/p>\n<p>Wir treffen uns immer donnerstags zur Gymnastik, Spiel und Spa\u00df.<\/p>\n<p>Da wir uns schon sehr lange kennen, unternehmen wir auch privat manches zusammen, wie z.B. unsere beliebten Weihnachtsausfl\u00fcge \u00fcber ein Adventswochenende.<\/p>\n<p>&nbsp;<\/p>\n<h3>Abteilung Turnen- und Gymnastik<\/h3>\n<p><span style=\"text-decoration: underline;\"><strong>Ansprechpartner<\/strong><\/span><\/p>\n<p><strong>Abteilungsleiterin Turnen<\/strong><\/p>\n<p>Christina Zwickl<br \/>\nTelefon: 0177-34 57 089<br \/>\n<a href=\"mailto:czwickl@viktoria-preussen.de\">czwickl@viktoria-preussen.de<\/a><\/p>\n","protected":false},"excerpt":{"rendered":"<p>Dienstag 20:30 \u2013 22:00 Uhr mit Dorothea Liesel \u00d6sterreicher Schule 1980 wurde die Gruppe von Dorothea Matern-Stinne\u00dfen \u00fcbernommen. Wir treffen uns immer donnerstags zur Gymnastik, Spiel und Spa\u00df. Da wir uns schon sehr lange kennen, unternehmen wir auch privat manches zusammen, wie z.B. unsere beliebten Weihnachtsausfl\u00fcge \u00fcber ein Adventswochenende. &nbsp; Abteilung Turnen- und Gymnastik Ansprechpartner [&hellip;]<\/p>\n","protected":false},"author":1,"featured_media":0,"parent":0,"menu_order":0,"comment_status":"closed","ping_status":"closed","template":"","meta":{"footnotes":""},"class_list":["post-70","page","type-page","status-publish","hentry"],"_links":{"self":[{"href":"https:\/\/www.viktoria-preussen.de\/turnen\/index.php?rest_route=\/wp\/v2\/pages\/70","targetHints":{"allow":["GET"]}}],"collection":[{"href":"https:\/\/www.viktoria-preussen.de\/turnen\/index.php?rest_route=\/wp\/v2\/pages"}],"about":[{"href":"https:\/\/www.viktoria-preussen.de\/turnen\/index.php?rest_route=\/wp\/v2\/types\/page"}],"author":[{"embeddable":true,"href":"https:\/\/www.viktoria-preussen.de\/turnen\/index.php?rest_route=\/wp\/v2\/users\/1"}],"replies":[{"embeddable":true,"href":"https:\/\/www.viktoria-preussen.de\/turnen\/index.php?rest_route=%2Fwp%2Fv2%2Fcomments&post=70"}],"version-history":[{"count":3,"href":"https:\/\/www.viktoria-preussen.de\/turnen\/index.php?rest_route=\/wp\/v2\/pages\/70\/revisions"}],"predecessor-version":[{"id":137,"href":"https:\/\/www.viktoria-preussen.de\/turnen\/index.php?rest_route=\/wp\/v2\/pages\/70\/revisions\/137"}],"wp:attachment":[{"href":"https:\/\/www.viktoria-preussen.de\/turnen\/index.php?rest_route=%2Fwp%2Fv2%2Fmedia&parent=70"}],"curies":[{"name":"wp","href":"https:\/\/api.w.org\/{rel}","templated":true}]}}