{"id":64,"date":"2014-02-23T12:08:38","date_gmt":"2014-02-23T10:08:38","guid":{"rendered":"https:\/\/www.viktoria-preussen.de\/turnen\/?page_id=64"},"modified":"2014-04-08T23:07:56","modified_gmt":"2014-04-08T21:07:56","slug":"ballspiele","status":"publish","type":"page","link":"https:\/\/www.viktoria-preussen.de\/turnen\/?page_id=64","title":{"rendered":"Fu\u00dfball, Volleyball f\u00fcr Damen und Herren"},"content":{"rendered":"<p><strong>Fu\u00dfball \/ Volleyball f\u00fcr Damen und\u00a0Herren<br \/>\n<\/strong>Montag 20:30 \u2013 22:00 Uhr<br \/>\nmit Alois<br \/>\nM\u00fcnzenberger Schule<\/p>\n<p><a href=\"https:\/\/www.viktoria-preussen.de\/turnen\/wp-content\/uploads\/2014\/02\/ballspiele.jpg\"><img loading=\"lazy\" decoding=\"async\" class=\"alignnone size-full wp-image-65\" alt=\"ballspiele\" src=\"https:\/\/www.viktoria-preussen.de\/turnen\/wp-content\/uploads\/2014\/02\/ballspiele.jpg\" width=\"468\" height=\"351\" srcset=\"https:\/\/www.viktoria-preussen.de\/turnen\/wp-content\/uploads\/2014\/02\/ballspiele.jpg 468w, https:\/\/www.viktoria-preussen.de\/turnen\/wp-content\/uploads\/2014\/02\/ballspiele-300x225.jpg 300w\" sizes=\"auto, (max-width: 468px) 100vw, 468px\" \/><\/a><\/p>\n<p>Diese Gruppe ist f\u00fcr alle, die sich nach einem stressigen Tag noch mal auspowern m\u00f6chten.<br \/>\nWer gerne mal kickt oder Volleyball oder Basketball spielt, aber keine Zeit oder Lust hat eine Mannschaftssportart zu betreiben, bei der man ein bis zweimal pro Woche am Training und an den Wochenenden an Spielen teilnimmt, der ist hier richtig aufgehoben.<\/p>\n<p>Wir sind eine gemischte sympathische Gruppe im Alter von momentan ab 30 Jahren und freuen uns auch \u00fcber etwas Zuwachs !<\/p>\n<p>&nbsp;<\/p>\n<h3>Abteilung Turnen- und Gymnastik<\/h3>\n<p><span style=\"text-decoration: underline;\"><strong>Ansprechpartner<\/strong><\/span><\/p>\n<p><strong>Abteilungsleiterin Turnen<\/strong><\/p>\n<p>Christina Zwickl<br \/>\nTelefon: 0177-34 57 089<br \/>\n<a href=\"mailto:czwickl@viktoria-preussen.de\">czwickl@viktoria-preussen.de<\/a><\/p>\n","protected":false},"excerpt":{"rendered":"<p>Fu\u00dfball \/ Volleyball f\u00fcr Damen und\u00a0Herren Montag 20:30 \u2013 22:00 Uhr mit Alois M\u00fcnzenberger Schule Diese Gruppe ist f\u00fcr alle, die sich nach einem stressigen Tag noch mal auspowern m\u00f6chten. Wer gerne mal kickt oder Volleyball oder Basketball spielt, aber keine Zeit oder Lust hat eine Mannschaftssportart zu betreiben, bei der man ein bis zweimal [&hellip;]<\/p>\n","protected":false},"author":1,"featured_media":0,"parent":0,"menu_order":0,"comment_status":"closed","ping_status":"closed","template":"","meta":{"footnotes":""},"class_list":["post-64","page","type-page","status-publish","hentry"],"_links":{"self":[{"href":"https:\/\/www.viktoria-preussen.de\/turnen\/index.php?rest_route=\/wp\/v2\/pages\/64","targetHints":{"allow":["GET"]}}],"collection":[{"href":"https:\/\/www.viktoria-preussen.de\/turnen\/index.php?rest_route=\/wp\/v2\/pages"}],"about":[{"href":"https:\/\/www.viktoria-preussen.de\/turnen\/index.php?rest_route=\/wp\/v2\/types\/page"}],"author":[{"embeddable":true,"href":"https:\/\/www.viktoria-preussen.de\/turnen\/index.php?rest_route=\/wp\/v2\/users\/1"}],"replies":[{"embeddable":true,"href":"https:\/\/www.viktoria-preussen.de\/turnen\/index.php?rest_route=%2Fwp%2Fv2%2Fcomments&post=64"}],"version-history":[{"count":5,"href":"https:\/\/www.viktoria-preussen.de\/turnen\/index.php?rest_route=\/wp\/v2\/pages\/64\/revisions"}],"predecessor-version":[{"id":136,"href":"https:\/\/www.viktoria-preussen.de\/turnen\/index.php?rest_route=\/wp\/v2\/pages\/64\/revisions\/136"}],"wp:attachment":[{"href":"https:\/\/www.viktoria-preussen.de\/turnen\/index.php?rest_route=%2Fwp%2Fv2%2Fmedia&parent=64"}],"curies":[{"name":"wp","href":"https:\/\/api.w.org\/{rel}","templated":true}]}}