{"id":37,"date":"2014-02-23T10:59:04","date_gmt":"2014-02-23T08:59:04","guid":{"rendered":"https:\/\/www.viktoria-preussen.de\/turnen\/?page_id=37"},"modified":"2024-12-09T13:55:21","modified_gmt":"2024-12-09T11:55:21","slug":"turn-tiger","status":"publish","type":"page","link":"https:\/\/www.viktoria-preussen.de\/turnen\/?page_id=37","title":{"rendered":"Turn-Tiger"},"content":{"rendered":"<p><strong>Alter ca. 6-9 Jahre<\/strong><br \/>\n<strong>Mittwoch 18:00 &#8211; 19:00 Uhr<\/strong><br \/>\n<strong>mit Phillipp<\/strong><br \/>\n<strong>Theobald-Ziegler-Schule<\/strong><\/p>\n<p>Von 18:00 Uhr bis 19:00 Uhr sind die <strong>TURN \u2013 TIGER<\/strong> in der Halle.\u00a0Ach wir toben uns am Anfang erst mal bei einem Spiel aus, ehe es an die Sportger\u00e4te geht. Jeder kann alles ausprobieren um sich noch mal auszutoben.<\/p>\n<p>Danach haben wir Zeit zum Rolle vorw\u00e4rts oder r\u00fcckw\u00e4rts, Handstand, Rad, Strecksprung, Baumrolle, Reckturnen, und Barrenturnen zu lernen und zu \u00fcben. Die Turnstunde endet dann mit der Anwesenheitsliste.<\/p>\n<h3>Abteilung Turnen- und Gymnastik<\/h3>\n<p><span style=\"text-decoration: underline;\"><strong>Ansprechpartner<\/strong><\/span><\/p>\n<p><strong>Jugendleiterin Turnen<\/strong><br \/>\nChristine Thurau-Stofledt<br \/>\nTelefon: 069-552939<br \/>\n<a href=\"mailto:cstofledt@viktoria-preussen.de\">cstofledt@viktoria-preussen.de<\/a><\/p>\n","protected":false},"excerpt":{"rendered":"<p>Alter ca. 6-9 Jahre Mittwoch 18:00 &#8211; 19:00 Uhr mit Phillipp Theobald-Ziegler-Schule Von 18:00 Uhr bis 19:00 Uhr sind die TURN \u2013 TIGER in der Halle.\u00a0Ach wir toben uns am Anfang erst mal bei einem Spiel aus, ehe es an die Sportger\u00e4te geht. Jeder kann alles ausprobieren um sich noch mal auszutoben. Danach haben wir [&hellip;]<\/p>\n","protected":false},"author":1,"featured_media":0,"parent":0,"menu_order":0,"comment_status":"closed","ping_status":"closed","template":"","meta":{"footnotes":""},"class_list":["post-37","page","type-page","status-publish","hentry"],"_links":{"self":[{"href":"https:\/\/www.viktoria-preussen.de\/turnen\/index.php?rest_route=\/wp\/v2\/pages\/37","targetHints":{"allow":["GET"]}}],"collection":[{"href":"https:\/\/www.viktoria-preussen.de\/turnen\/index.php?rest_route=\/wp\/v2\/pages"}],"about":[{"href":"https:\/\/www.viktoria-preussen.de\/turnen\/index.php?rest_route=\/wp\/v2\/types\/page"}],"author":[{"embeddable":true,"href":"https:\/\/www.viktoria-preussen.de\/turnen\/index.php?rest_route=\/wp\/v2\/users\/1"}],"replies":[{"embeddable":true,"href":"https:\/\/www.viktoria-preussen.de\/turnen\/index.php?rest_route=%2Fwp%2Fv2%2Fcomments&post=37"}],"version-history":[{"count":9,"href":"https:\/\/www.viktoria-preussen.de\/turnen\/index.php?rest_route=\/wp\/v2\/pages\/37\/revisions"}],"predecessor-version":[{"id":401,"href":"https:\/\/www.viktoria-preussen.de\/turnen\/index.php?rest_route=\/wp\/v2\/pages\/37\/revisions\/401"}],"wp:attachment":[{"href":"https:\/\/www.viktoria-preussen.de\/turnen\/index.php?rest_route=%2Fwp%2Fv2%2Fmedia&parent=37"}],"curies":[{"name":"wp","href":"https:\/\/api.w.org\/{rel}","templated":true}]}}