{"id":142,"date":"2014-04-10T23:16:53","date_gmt":"2014-04-10T21:16:53","guid":{"rendered":"https:\/\/www.viktoria-preussen.de\/turnen\/?page_id=142"},"modified":"2025-06-26T12:05:25","modified_gmt":"2025-06-26T10:05:25","slug":"powersports","status":"publish","type":"page","link":"https:\/\/www.viktoria-preussen.de\/turnen\/?page_id=142","title":{"rendered":"Volleyball"},"content":{"rendered":"<p><strong>Alter ab 16<\/strong><strong>\u00a0Jahre<\/strong><br \/>\n<strong>Freitag 19:00 &#8211; 20:30 Uhr<\/strong><\/p>\n<p><strong>mit Sean Paul<\/strong><br \/>\n<strong>Theobald-Ziegler-Schule<\/strong><\/p>\n<p>Neugr\u00fcndung einer Volleyball Gruppe.<\/p>\n<p>Du hast Spa\u00df und Lust auf Volleyball? Dann bist du bei uns genau richtig. Ob kompletter Anf\u00e4nger, Fortgeschritten oder schon halber Profi, hier findet jeder etwas. Wir machen Technik und Theorie aber auch die Praxis kommt nat\u00fcrlich nicht zu kurz.<\/p>\n<p>Hast du Lust mitzumachen? Dann komm vorbei!<\/p>\n<p>Wir freuen uns auf Euch.<\/p>\n<h3>Abteilung Turnen- und Gymnastik<\/h3>\n<p><strong>Ansprechpartner<\/strong><\/p>\n<p><strong>Jugendleiterin Turnen<\/strong><br \/>\nChristine Thurau-Stofledt<br \/>\nTelefon: 069-552939<br \/>\n<a href=\"mailto:cstofledt@viktoria-preussen.de\">cstofledt@viktoria-preussen.de<\/a><\/p>\n","protected":false},"excerpt":{"rendered":"<p>Alter ab 16\u00a0Jahre Freitag 19:00 &#8211; 20:30 Uhr mit Sean Paul Theobald-Ziegler-Schule Neugr\u00fcndung einer Volleyball Gruppe. Du hast Spa\u00df und Lust auf Volleyball? Dann bist du bei uns genau richtig. Ob kompletter Anf\u00e4nger, Fortgeschritten oder schon halber Profi, hier findet jeder etwas. Wir machen Technik und Theorie aber auch die Praxis kommt nat\u00fcrlich nicht zu [&hellip;]<\/p>\n","protected":false},"author":1,"featured_media":0,"parent":0,"menu_order":0,"comment_status":"closed","ping_status":"closed","template":"","meta":{"footnotes":""},"class_list":["post-142","page","type-page","status-publish","hentry"],"_links":{"self":[{"href":"https:\/\/www.viktoria-preussen.de\/turnen\/index.php?rest_route=\/wp\/v2\/pages\/142","targetHints":{"allow":["GET"]}}],"collection":[{"href":"https:\/\/www.viktoria-preussen.de\/turnen\/index.php?rest_route=\/wp\/v2\/pages"}],"about":[{"href":"https:\/\/www.viktoria-preussen.de\/turnen\/index.php?rest_route=\/wp\/v2\/types\/page"}],"author":[{"embeddable":true,"href":"https:\/\/www.viktoria-preussen.de\/turnen\/index.php?rest_route=\/wp\/v2\/users\/1"}],"replies":[{"embeddable":true,"href":"https:\/\/www.viktoria-preussen.de\/turnen\/index.php?rest_route=%2Fwp%2Fv2%2Fcomments&post=142"}],"version-history":[{"count":10,"href":"https:\/\/www.viktoria-preussen.de\/turnen\/index.php?rest_route=\/wp\/v2\/pages\/142\/revisions"}],"predecessor-version":[{"id":413,"href":"https:\/\/www.viktoria-preussen.de\/turnen\/index.php?rest_route=\/wp\/v2\/pages\/142\/revisions\/413"}],"wp:attachment":[{"href":"https:\/\/www.viktoria-preussen.de\/turnen\/index.php?rest_route=%2Fwp%2Fv2%2Fmedia&parent=142"}],"curies":[{"name":"wp","href":"https:\/\/api.w.org\/{rel}","templated":true}]}}