{"id":13,"date":"2014-02-23T00:09:34","date_gmt":"2014-02-22T22:09:34","guid":{"rendered":"https:\/\/www.viktoria-preussen.de\/turnen\/?page_id=13"},"modified":"2016-09-18T09:45:53","modified_gmt":"2016-09-18T07:45:53","slug":"turnen-gymnastik","status":"publish","type":"page","link":"https:\/\/www.viktoria-preussen.de\/turnen\/","title":{"rendered":"\u00dcber uns"},"content":{"rendered":"<p><img loading=\"lazy\" decoding=\"async\" class=\"alignnone size-full wp-image-156\" src=\"https:\/\/www.viktoria-preussen.de\/turnen\/wp-content\/uploads\/2014\/02\/0000-NEUES-Foto-Startseite-28.05.14-468x184.jpg\" alt=\"0000 NEUES Foto Startseite 28.05.14 468x184\" width=\"468\" height=\"184\" srcset=\"https:\/\/www.viktoria-preussen.de\/turnen\/wp-content\/uploads\/2014\/02\/0000-NEUES-Foto-Startseite-28.05.14-468x184.jpg 468w, https:\/\/www.viktoria-preussen.de\/turnen\/wp-content\/uploads\/2014\/02\/0000-NEUES-Foto-Startseite-28.05.14-468x184-300x117.jpg 300w\" sizes=\"auto, (max-width: 468px) 100vw, 468px\" \/><\/p>\n<p>Seit der Abteilungsgr\u00fcndung im Jahre 1963 hat sich viel ver\u00e4ndert. Heute turnen und tanzen rund 300 Mitglieder im Alter von 1 \u00bd Jahren bis \u00fcber 80 Jahre in den verschiedenen Gruppen.<\/p>\n<p>Unsere <strong>12<\/strong> \u00dcbungsleiter(innen), die \u00fcber die Woche verteilt <strong>16<\/strong> Turn- und Tanzgruppen leiten, wurden vom Hess. Turnverband ausgebildet und regelm\u00e4\u00dfig weitergebildet.<\/p>\n<p>Das Sportangebot enth\u00e4lt neben Sportgruppen f\u00fcr Kinder und Erwachsenen auch Walking, Wassergymnastik und eine Tanzgruppe f\u00fcr M\u00e4dchen. Seit etwa 5 Jahren gibt es die Gruppe &#8222;Sport f\u00fcr M\u00fctter mit Kinderbetreuung\u201c in der die Ausrede &#8222;Ich habe keinen Babysitter.\u201c nicht mehr z\u00e4hlt. Denn wir k\u00fcmmern uns um die Kleinen, w\u00e4hrend Sie etwas f\u00fcr sich tun.<\/p>\n<p>Haben wir Ihr Interesse geweckt?<br \/>\n<strong>Sie sind herzlich eingeladen.<\/strong><\/p>\n<p>Wir m\u00f6chten an dieser Stelle allen \u00dcbungsleitern, Vorturnen und Helfern der Turn- und Gymnastikabteilung meine Anerkennung und meinen Dank aussprechen, denn sie sind es, die mit ihrem Engagement und ihrer Best\u00e4ndigkeit daf\u00fcr sorgen, dass die Mitglieder unserer Abteilung weiterhin und teilweise schon seit langen Jahren Spa\u00df an Ihrem Sport haben.<\/p>\n<p><span style=\"text-decoration: underline;\"><strong>A<\/strong><\/span><span style=\"text-decoration: underline;\"><strong>nsprechpartner<\/strong><\/span><\/p>\n<p>Christina Zwickl<br \/>\nAbteilungsleiterin Turnen- und Gymnastik<br \/>\nTelefon: 0177-34 57 089<br \/>\n<a href=\"mailto:czwickl@viktoria-preussen.de\">czwickl@viktoria-preussen.de<\/a><\/p>\n<p>Christine Stofledt<br \/>\nJugendleiterin Turnen- und Gymnastik<br \/>\nTelefon: 069-552939<br \/>\n<a href=\"mailto:cstofledt@viktoria-preussen.de\">cstofledt@viktoria-preussen.de<\/a><\/p>\n","protected":false},"excerpt":{"rendered":"<p>Seit der Abteilungsgr\u00fcndung im Jahre 1963 hat sich viel ver\u00e4ndert. Heute turnen und tanzen rund 300 Mitglieder im Alter von 1 \u00bd Jahren bis \u00fcber 80 Jahre in den verschiedenen Gruppen. Unsere 12 \u00dcbungsleiter(innen), die \u00fcber die Woche verteilt 16 Turn- und Tanzgruppen leiten, wurden vom Hess. Turnverband ausgebildet und regelm\u00e4\u00dfig weitergebildet. Das Sportangebot enth\u00e4lt [&hellip;]<\/p>\n","protected":false},"author":1,"featured_media":0,"parent":0,"menu_order":0,"comment_status":"closed","ping_status":"closed","template":"","meta":{"footnotes":""},"class_list":["post-13","page","type-page","status-publish","hentry"],"_links":{"self":[{"href":"https:\/\/www.viktoria-preussen.de\/turnen\/index.php?rest_route=\/wp\/v2\/pages\/13","targetHints":{"allow":["GET"]}}],"collection":[{"href":"https:\/\/www.viktoria-preussen.de\/turnen\/index.php?rest_route=\/wp\/v2\/pages"}],"about":[{"href":"https:\/\/www.viktoria-preussen.de\/turnen\/index.php?rest_route=\/wp\/v2\/types\/page"}],"author":[{"embeddable":true,"href":"https:\/\/www.viktoria-preussen.de\/turnen\/index.php?rest_route=\/wp\/v2\/users\/1"}],"replies":[{"embeddable":true,"href":"https:\/\/www.viktoria-preussen.de\/turnen\/index.php?rest_route=%2Fwp%2Fv2%2Fcomments&post=13"}],"version-history":[{"count":13,"href":"https:\/\/www.viktoria-preussen.de\/turnen\/index.php?rest_route=\/wp\/v2\/pages\/13\/revisions"}],"predecessor-version":[{"id":240,"href":"https:\/\/www.viktoria-preussen.de\/turnen\/index.php?rest_route=\/wp\/v2\/pages\/13\/revisions\/240"}],"wp:attachment":[{"href":"https:\/\/www.viktoria-preussen.de\/turnen\/index.php?rest_route=%2Fwp%2Fv2%2Fmedia&parent=13"}],"curies":[{"name":"wp","href":"https:\/\/api.w.org\/{rel}","templated":true}]}}